{"id":255,"date":"2021-01-31T20:00:24","date_gmt":"2021-01-31T20:00:24","guid":{"rendered":"http:\/\/77.240.19.21\/~tamperee\/?page_id=255"},"modified":"2022-02-16T15:36:51","modified_gmt":"2022-02-16T13:36:51","slug":"toimintasuunnitelma","status":"publish","type":"page","link":"http:\/\/www.tampereenjudo.net\/vanha\/toimintasuunnitelma\/","title":{"rendered":"Tampereen Judo ry:n toimintasuunnitelma 2022"},"content":{"rendered":"\n<div class=\"wp-block-themeisle-blocks-advanced-columns has-1-columns has-desktop-equal-layout has-tablet-equal-layout has-mobile-equal-layout has-default-gap has-vertical-unset\" id=\"wp-block-themeisle-blocks-advanced-columns-2308a011\"><div class=\"wp-block-themeisle-blocks-advanced-columns-overlay\"><\/div><div class=\"innerblocks-wrap\">\n<div class=\"wp-block-themeisle-blocks-advanced-column\" id=\"wp-block-themeisle-blocks-advanced-column-ec48977c\">\n<p><strong>1. Yhdistyksen toiminnan tarkoitus ja tavoite vuodelle 2022<\/strong><\/p>\n\n\n\n<p>Tampereen Judo ry. tarjoaa monipuoliset judon kilpailu- ja harjoittelumahdollisuudet huippu- kilpailijoilleen eri ik\u00e4ryhmiss\u00e4, juniori- ja muksujudo-toiminnassa, sovelletun judon ryhmiss\u00e4, aikuisten harrastejudon tarjonnassa sek\u00e4 uusien judoharrastajien kouluttamisessa eri ik\u00e4ryhmiss\u00e4. Tampereen Judo tarjoaa jatkossakin erityist\u00e4 tukea tarvitseville lapsille ja nuorille sovelletun judon opetusta. Seuran tavoitteena on kasvattaa kaikkien harrastusryhmien osallistujam\u00e4\u00e4ri\u00e4.<\/p>\n\n\n\n<p>Vuonna 2022 kiinnitet\u00e4\u00e4n erityist\u00e4 huomiota muksu- ja juniori-ik\u00e4isten judon harrastajien monipuolisiin harjoittelumahdollisuuksiin, tuetaan heid\u00e4n suunnitelmallista harjoitteluaan ja kannustetaan heit\u00e4 mukaan kilpailu- ja leirimatkoille.<\/p>\n\n\n\n<p><strong>2. Tulevan toimintakauden haasteet ja mahdollisuudet<\/strong><\/p>\n\n\n\n<p>Toimintakauden 2022 suurimmat haasteet liittyv\u00e4t korona-epidemian aiheuttamaan seura-aktiivien v\u00e4henemiseen. Epidemian aikana kaikkien seuratoiminnassa mukana olleiden m\u00e4\u00e4r\u00e4t ovat pudonneet merkitt\u00e4v\u00e4sti. Etenkin talkoolaisten m\u00e4\u00e4r\u00e4ss\u00e4 on merkitt\u00e4v\u00e4 pudotus. Aiemmin tunnistetut keskeiset haasteet ovat urheilu- ja liikuntalajien v\u00e4linen kilpailu harrastajista sek\u00e4 ohjaajien riitt\u00e4vyys.<\/p>\n\n\n\n<p>Toimintakauden 2022 ja tulevaisuuden toiminnan keskeisimpi\u00e4 mahdollisuuksia on aluellisen yhteisty\u00f6n vahvistaminen sek\u00e4 eri lajien v\u00e4linen yhteisty\u00f6. Judolla on vakiintunut status olympialajina, mik\u00e4 tekee siit\u00e4 houkuttelevan harrastus-, kilpa- ja kuntolajin.<\/p>\n\n\n\n<p><strong>3. Yhdistyksen toiminnan painopisteet<\/strong><\/p>\n\n\n\n<p><strong>3.1 Hyv\u00e4t harjoittelumahdollisuudet kaikille judosta kiinnostuneille<\/strong><\/p>\n\n\n\n<p>Tampereen Judo ry:n keskeisin toiminta on s\u00e4\u00e4nn\u00f6llisten harjoittelumahdollisuuksien j\u00e4rjest\u00e4minen kaiken ik\u00e4isille ja tasoisille judon harrastajille. Harjoittelun t\u00e4rkein tavoite on judokan taidon, kest\u00e4vyyden, voiman ja itseluottamuksen parantaminen. Seura kannustaa j\u00e4seni\u00e4\u00e4n osallistumaan judokilpailuihin, sek\u00e4 tukee aktiivisia kilpailijoita.<\/p>\n\n\n\n<p>Seura jatkaa judon harrastamismahdollisuuksien viemist\u00e4 l\u00e4helle perheit\u00e4. Muksujudon, sovelletun judon ja junioriryhmien perus- ja jatkoryhmien toimintaa jatketaan N\u00e4\u00e4shallissa, Hervannassa, Yl\u00f6j\u00e4rvell\u00e4 ja Kangasalla. Lis\u00e4ksi alueellista yhteisty\u00f6t\u00e4 muiden Pirkanmaan judo- ja kamppailulajiseurojen kanssa tehd\u00e4\u00e4n suunnitelmallisesti.<\/p>\n\n\n\n<p><strong>3.2 Lasten ja nuorten judo<\/strong><\/p>\n\n\n\n<p><strong>Muksujudo (5-9 vuotiaat)<\/strong>: Muksuik\u00e4isille j\u00e4rjestet\u00e4\u00e4n sek\u00e4 perus- ett\u00e4 jatkokursseja, jotka kokoontuvat kerran viikossa. Muksujudon peruskurssi- ja jatkoryhm\u00e4t j\u00e4rjestet\u00e4\u00e4n N\u00e4\u00e4shallilla ja Hervannan vapaa-aikakeskuksella.<\/p>\n\n\n\n<p><strong>Juniorijudo (9-14 vuotiaat)<\/strong>: Juniori-ik\u00e4isille j\u00e4rjestet\u00e4\u00e4n sek\u00e4 perus- ett\u00e4 jatkokursseja N\u00e4\u00e4shallilla ja Hervannan vapaa-aikakeskuksella. Peruskurssi kokoontuu keskiviikkoisin ja perjantaisin N\u00e4\u00e4shallilla, ja jatkoryhmien harjoituksia on jokaisena arkip\u00e4iv\u00e4n\u00e4. Kilpailevien juniorien harjoitukset pidet\u00e4\u00e4n maanantaisin, keskiviikkoisin ja perjantaisin.<\/p>\n\n\n\n<p>Seuramme jokainen juniori voi harrastaa lajia haluamallaan tasolla. Juniorijudoka voi osallistua kilpailuihin, vaikkei harjoittelisi valmennusryhmiss\u00e4. Kilpaileminen ei kuitenkaan ole v\u00e4ltt\u00e4m\u00e4t\u00f6nt\u00e4 judon harrastamiselle. Niille junioreille, jotka eiv\u00e4t halua kilpailla, tarjotaan mahdollisuus osallistua ohjaajakoulutuksiin, toimia apuvet\u00e4jin\u00e4 v\u00e4hitellen vastuuta lis\u00e4ten, sek\u00e4 tulla mukaan seuran kilpailujen j\u00e4rjestelyihin toimitsijoina ja talkoolaisina. My\u00f6s tuomarina toimimiseen opastetaan seuran omissa salikisoissa. N\u00e4in Tampereen Judo haluaa edist\u00e4\u00e4 liikunnalliseen el\u00e4m\u00e4ntapaan ja yhteis\u00f6lliseen toimintaan kasvamista.<\/p>\n\n\n\n<p><strong>Sovellettu judo erityist\u00e4 tukea tarvitseville lapsille ja nuorille: <\/strong>Sovelletun judon ryhmi\u00e4 on kaksi, N\u00e4\u00e4shallilla ja Yl\u00f6j\u00e4rvell\u00e4. Ryhm\u00e4t harjoittelevat kerran viikossa. Harjoittelun tavoitteena on antaa lapselle\/nuorelle mahdollisuus omaan harrastukseen ja ryhm\u00e4ss\u00e4 toimimiseen, sek\u00e4 parantaa fyysist\u00e4 kuntoa ja kehonhallintaa. Sovelletun judon harrastusryhm\u00e4t ovat jatkuvasti kasvaneet ja k\u00e4yt\u00e4nn\u00f6ss\u00e4 ryhm\u00e4t ovat olleet t\u00e4ynn\u00e4.<\/p>\n\n\n\n<p><strong>Muu lasten ja nuorten judo:<\/strong> Yl\u00f6j\u00e4rven muksuryhm\u00e4ss\u00e4 pilotoidaan perhejudo-konseptia. Perhejudoon voivat osallistua kaikenik\u00e4iset ja tasoiset judosta kiinnostuneet. Ryhm\u00e4n lapsiharrastajat etenev\u00e4t natsa- ja vy\u00f6kokein, aikuisharrastajat ohjataan peruskurssille N\u00e4\u00e4shallille. Lis\u00e4ksi seura j\u00e4rjest\u00e4\u00e4 kouluille judon lajiesittelyit\u00e4 ja liikuntatunteja. Yhteisty\u00f6t\u00e4 Tampereen kaupungin kanssa jatketaan <em>LupaLiikkua <\/em>-judotuntien muodossa. Judollisia liikuntatunteja tarjotaan tammi-huhtikuussa ja syys-marraskuussa keskim\u00e4\u00e4rin nelj\u00e4 tuntia viikossa.<\/p>\n\n\n\n<p><strong>3.3 Aikuisten judo<\/strong><\/p>\n\n\n\n<p><strong>Aikuisten (yli 14 vuotiaat) peruskurssi<\/strong>: Aikuisille j\u00e4rjestet\u00e4\u00e4n 3kk kest\u00e4v\u00e4 peruskurssi kev\u00e4tkaudella ja syyskaudella. Ryhm\u00e4 harjoittelee kaksi kertaa viikossa N\u00e4\u00e4shallilla. Peruskurssi p\u00e4\u00e4ttyy keltaisen vy\u00f6n vy\u00f6kokeeseen. T\u00e4m\u00e4n j\u00e4lkeen peruskurssin k\u00e4yneet siirtyv\u00e4t aikuisten harrastejudo-ryhm\u00e4\u00e4n.<\/p>\n\n\n\n<p><strong>Aikuisten harrastejudo: <\/strong>Harrastejudo-ryhm\u00e4n kokoontuu kaksi kertaa viikossa N\u00e4\u00e4shallilla, tiistaisin ja torstaisin. Aluekouluttaja laatii ryhm\u00e4lle kausittaisen ohjelman, jossa k\u00e4yd\u00e4\u00e4n suunnitelmallisesti l\u00e4pi judon tekniikoita. Ohjaajina toimivat aluekouluttajan lis\u00e4ksi kokeneet aikuisten judon ohjaajat. Kata eli muodollisten tekniikoiden harjoittelu kuuluu my\u00f6s kiinte\u00e4sti ryhm\u00e4n ohjelmaan, sill\u00e4 se mahdollistaa aikuisille harrastajille monipuolisen ja laajan tekniikoiden harjoittelun turvallisesti. Aikuisharrastajien kilpailuhalukkuutta tuetaan mm. ottamalla omiin salikisoihin aikuisten sarjoja ja kannustamalla osallistumaan esimerkiksi Tampereella j\u00e4rjestett\u00e4viin judokisoihin.<\/p>\n\n\n\n<p><strong>Kata<\/strong>: Syyskaudulla 2021 pilotoidun kata-ryhm\u00e4n toimintaa jatketaan. Kata-ryhm\u00e4 kokoontuu viikottain. Vuoden 2022 kata-tavoitteena on saada Tampereen Judosta osallistujat kaikkiin Kata-SM sarjoihin.<\/p>\n\n\n\n<p><strong>Lajin lopettaneet harrastajat:<\/strong> Tampereen Judo innostaa takaisin lajin pariin judon jo lopettaneita henkil\u00f6it\u00e4 tarjoamalla mahdollisuuden osallistua peruskurssin harjoituksiin \u201dkertauskurssina\u201d ja mahdollisuutta toimia apuohjaajana mm. silloin, kun lajitaustaa omaava aikuinen tuo lapsensa judoharjoituksiin.<\/p>\n\n\n\n<p><strong>3.4 Kilpajudo<\/strong><\/p>\n\n\n\n<p><strong>Aikuiset huippukilpailijat<\/strong>: Seuratasolla tavoitteena on olla maan ykk\u00f6sseura, niin joukkuejudon SM-kilpailuissa kuin seurarankingissakin. Kilpailukausina salillamme on harjoittelumahdollisuus joka p\u00e4iv\u00e4. Seura tukee kilpajudokoitaan taloudellisesti, muun muassa osallistumalla yhteisesti hyv\u00e4ksytyn kilpailu- ja leiritysohjelman mukaisten kansainv\u00e4listen kilpailujen ja leirien kustannuksiin. Kilpailijoillemme j\u00e4rjestet\u00e4\u00e4n koulutusta voimanhankintaan, ravintoon yms. Kilpailijoita autetaan henkil\u00f6kohtaisen valmentajan hankkimiseksi. P\u00e4\u00e4tavoitteena on saada menestyvi\u00e4 edustajia aikuisten EM-, ja MM- kilpailuihin kuten my\u00f6s Word Cupeihin.<\/p>\n\n\n\n<p><strong>U21-nuorten huippukilpailijat:<\/strong> U21-nuorten huippukilpailijoita tuetaan kuten aikuisia huippukilpailijoitakin. Yhteisty\u00f6 ja valmennus sovitetaan yhteen Sammon lukion urheilijoiden kanssa. Tavoitteena on menesty\u00e4 runsaslukuisesti ik\u00e4luokan SM-kilpailuissa ja osallistua aikuisten SM-kilpailuihin.<\/p>\n\n\n\n<p><strong>U18-, U15-, U13- ja U11-juniorien kilpaileminen:<\/strong> Luodaan harjoitusmahdollisuudet kilpailukausilla 4-5 kertaa viikossa. Panostetaan harjoittelussa tekniikan ja fysiikan kehitt\u00e4miseen. Rohkaistaan junioriryhm\u00e4st\u00e4 nuorempia kykyj\u00e4 U18-junioreiden kilpailija- ja edustusvalmennusryhm\u00e4\u00e4n.<\/p>\n\n\n\n<p>Runsaasti kilpailevien juniorien oma treeniryhm\u00e4n Team Tigerin j\u00e4senille tarjotaan suunnitellusti mahdollisuus osallistua judokilpailuihin eri puolilla maata sek\u00e4 ulkomailla (mm. Virossa, Latviassa ja Ruotsissa). Nuorten monipuolista ja laaja-alaista harjoittelua tuetaan taloudellisesti. Seuran ja kotien yhteisty\u00f6t\u00e4 kilpailevien nuorten ohjauksessa ja valmennuksessa kehitet\u00e4\u00e4n. Jokaisella juniorien ik\u00e4ryhm\u00e4ll\u00e4 on oma p\u00e4\u00e4kilpailu, johon harjoittelu t\u00e4ht\u00e4\u00e4.<\/p>\n\n\n\n<p><strong>4. Yhdityksen muu sis\u00e4inen toiminta<\/strong><\/p>\n\n\n\n<p><strong>4.1. Kokoukset ja hallinto<\/strong><\/p>\n\n\n\n<p>Yhdistyksen syyskokous pidet\u00e4\u00e4n marras-joulukuussa ja kev\u00e4tkokous toukokuussa. Syys- ja kev\u00e4tkokouksissa k\u00e4sitell\u00e4\u00e4n s\u00e4\u00e4nt\u00f6m\u00e4\u00e4r\u00e4iset asiat.<\/p>\n\n\n\n<p>Syyskokous valitsee seuralle hallituksen. Hallituksen toimikausi on kalenterivuosi. Hallitus kokoontuu noin kerran kuukaudessa. Hallituksen lis\u00e4ksi seuran toimintaa ohjaavat toimikunnat. Vuoden 2022 aikana pyrit\u00e4\u00e4n tehostamaan toimikuntien toimintaa.<\/p>\n\n\n\n<p><strong>4.2. J\u00e4senhankinta, j\u00e4senist\u00f6n virkistystoiminta ja palkitseminen<\/strong><\/p>\n\n\n\n<p>J\u00e4senhankintaa tehd\u00e4\u00e4n seuran markkinointikanavien kautta sek\u00e4 tehostetaan sit\u00e4 lajin esittelyll\u00e4 erilaisissa tapahtumissa. Lis\u00e4ksi voidaan j\u00e4rjest\u00e4\u00e4 kausien alussa n\u00e4yt\u00f6ksi\u00e4 esimerkiksi kauppakeskuksissa ja kirjastoissa.<\/p>\n\n\n\n<p>Seura j\u00e4rjest\u00e4\u00e4 toukokuussa j\u00e4senist\u00f6lleen retken\/saunaillan Tampereen seudun ulkoilukohteeseen.<\/p>\n\n\n\n<p>Seura voi palkita vuoden p\u00e4\u00e4tteeksi ansioituneet toimijansa ja menestyneet kilpailijansa kaikissa ik\u00e4ryhmiss\u00e4, nuorempia tunnustuspalkinnoilla ja kansainv\u00e4list\u00e4 menestyst\u00e4 saavuttaneita stipendeill\u00e4. Huomionosoituksista p\u00e4\u00e4tet\u00e4\u00e4n vuoden viimeisess\u00e4 hallituksen kokouksessa joulukuussa 2022.<\/p>\n\n\n\n<p><strong>4.3. Talous ja varainhankinta<\/strong><\/p>\n\n\n\n<p>Tampereen Judo ry. on yleishy\u00f6dyllinen yhteis\u00f6, jonka tarkoituksena ei ole tuottaa voittoa. Toiminnan yll\u00e4pit\u00e4miseen tarvittavat varat ker\u00e4t\u00e4\u00e4n p\u00e4\u00e4osin j\u00e4senmaksuilla, kurssimaksuilla, avustuksilla, kilpailujen tuotoilla ja tukijoiden panostuksella.&nbsp;<\/p>\n\n\n\n<p>Maksut vuonna 2022<\/p>\n\n\n\n<ul><li>seuran j\u00e4senmaksu 20\u20ac (sis\u00e4llytet\u00e4\u00e4n harjoittelumaksuun)<\/li><li>aikuiset ja nuoret, harjoittelumaksu 115\u20ac (sis\u00e4lt\u00e4\u00e4 harjoittelumaksun)<\/li><li>muksut ja sovellettu judo, harjoittelumaksu 95\u20ac\/kausi (sis\u00e4lt\u00e4\u00e4 harjoittelumaksun)<\/li><li>kannatusj\u00e4senmaksu 50\u20ac<\/li><li>perhejudo (Yl\u00f6j\u00e4rvi) 50\u20ac\/hl\u00f6<\/li><li>peruskurssimaksu muksujudo\/sovellettu 200\u20ac (ei pukua) puvun kanssa 240\u20ac<\/li><li>peruskurssimaksu juniori\/aikuiset 250\u20ac (ei pukua), puvun kanssa 290\u20ac.<\/li><li>judopuku 40\u20ac\/kpl<\/li><li>judopassin hinta 50\u20ac (ei sis. vy\u00f6t\u00e4)<\/li><li>graduointimaksu 50\u20ac (4-2kyu)<\/li><li>V\u00e4rillinen vy\u00f6 10\u20ac<\/li><\/ul>\n\n\n\n<p>Judolisenssi on Judoliiton tarjoama palvelu. Peruskurssin hintaan sis\u00e4ltyy judolisenssi peruskurssin ajalle. N\u00e4in varmistetaan peruskurssilaisten riitt\u00e4v\u00e4 vakuutusturva. Kaikki muut harrastajat voivat ottaa judolisenssin harkintansa mukaan. Judolisenssi tarvitaan aina vy\u00f6arvokorotuksissa ja Judoliiton j\u00e4rjest\u00e4miss\u00e4 koulutuksissa, tapahtumissa ja kilpailuissa.<\/p>\n\n\n\n<p>Pyynn\u00f6st\u00e4 ja ohjaajien riitt\u00e4vyyden mukaan j\u00e4rjestet\u00e4\u00e4n oheisharjoituksia (joko yksi tai useampi kerta) my\u00f6s muiden lajien urheilijoille sek\u00e4 ty\u00f6hyvinvointitapahtumiin liittyvi\u00e4 harjoituksia tai kursseja. N\u00e4iden tilauskurssien ja -tapahtumien hinta ja maksuehdot sovitaan aina etuk\u00e4teen tapauskohtaisesti.&nbsp;<\/p>\n\n\n\n<p><strong>4.4. Tilaisuudet ja tapahtumat<\/strong><\/p>\n\n\n\n<p><strong>Koulutukset: <\/strong>Seura j\u00e4rjest\u00e4\u00e4 judokan peruskoulutukset \u201dJudon perusteet\u201d ja \u201dOppimisen ja opettamisen perusteet\u201d kev\u00e4t- ja syyskaudella. Lis\u00e4ksi j\u00e4rjestet\u00e4\u00e4n juniori-ik\u00e4isille suunnattu \u201dJudon perusteet\u201d-kurssi.<\/p>\n\n\n\n<p><strong>Leirit:<\/strong> Tampereen Judo ry. j\u00e4rjest\u00e4\u00e4 kataleirin maaliskuussa. Kes\u00e4kuun alussa Tampereen Judo j\u00e4rjest\u00e4\u00e4 lasten ja nuorten liikunnallisen p\u00e4iv\u00e4leirin. Leirille osallistuminen ei edellyt\u00e4 judotaitoja, vaan mukaan voivat tulla mm. sisarukset ja kaverit.&nbsp; Leirin ohjaajina toimivat oman seuramme kokeneet ohjaajat, heid\u00e4n apuvet\u00e4jin\u00e4\u00e4n oman seuran nuoret sek\u00e4 mahdollisuuksien mukaan my\u00f6s huipulla kilpailevat aikuisjudokat.<\/p>\n\n\n\n<p><strong>4.5 Kilpailut<\/strong><\/p>\n\n\n\n<p><strong>Judoliiton kalenterikilpailut:<\/strong> Seura j\u00e4rjest\u00e4\u00e4 viisi kansallista judokilpailua: Samurai-cup 22.1.2022, aikuisten SM 7.5.2022 Ideaparkissa, sovelletun ja joukkueiden SM 8.5.2022 Ideaparkissa, kata-SM maaliskuun lopussa (alustavasti 19.-20.3.2022) ja Tampere Shiai + veteraanien SM lokakuussa 2022.<\/p>\n\n\n\n<p><strong>Salikisat<\/strong>: Seuran salikisat j\u00e4rjestet\u00e4\u00e4n harjoituskaudella noin kerran kuukaudessa. Salikisojen j\u00e4rjestelyiss\u00e4 tehd\u00e4\u00e4n yhteisty\u00f6t\u00e4 l\u00e4hiseurojen kanssa.<\/p>\n\n\n\n<p><strong>5. Yhdistyksen muu ulkoinen toiminta<\/strong><\/p>\n\n\n\n<p><strong>5.1. Yhdistyksen n\u00e4kyvyys ja viestint\u00e4<\/strong><\/p>\n\n\n\n<p>Tampereen Judo ry tiedottaa ajankohtaisista asioista ja tapahtumista kotisivuilla osoitteessa: <a href=\"http:\/\/www.tampereenjudo.net\/vanha\/\">www.tampereenjudo.net<\/a> , seuran Facebook -ryhm\u00e4ss\u00e4 Tampereen Judo, Twittertilill\u00e4 @Tamju2 sek\u00e4 Instagramissa @tampereenjudo. Facebook-ryhm\u00e4\u00e4n liittyminen ei edellyt\u00e4 seuran j\u00e4senyytt\u00e4, vaan siihen voi liitty\u00e4 kuka tahansa judosta ja Tampereen judon asioista kiinnostunut. Lis\u00e4ksi tiedotteet l\u00e4hetet\u00e4\u00e4n postituslistan kautta listalle liittyneille.<\/p>\n\n\n\n<p>Seuran tiedotteet, kilpailukutsut ja osallistujalistat laitetaan my\u00f6s N\u00e4\u00e4shallin budo 4\/3 ilmoitustaululle.<\/p>\n\n\n\n<p><strong>5.2. Yhteisty\u00f6suhteet<\/strong><\/p>\n\n\n\n<p><strong>Tampereen Urheiluakatemia<\/strong>: Jatketaan yhteisty\u00f6t\u00e4 Tampereen urheiluakatemian kanssa tavoitteena pit\u00e4\u00e4 Tampere yhten\u00e4 merkitt\u00e4v\u00e4n\u00e4 judon keskittym\u00e4n\u00e4 Suomessa.<\/p>\n\n\n\n<p><strong>Aluetoiminta: <\/strong>Seura kehitt\u00e4\u00e4 yhteisty\u00f6t\u00e4 Pirkanmaan judoseurojen kanssa alueellisena p\u00e4\u00e4seurana. Aloitteleville nuorille j\u00e4rjestet\u00e4\u00e4n kilpailukausina ep\u00e4viralliset harjoituskilpailut j\u00e4senseurojen saleilla, jotta kynnys kilpailemisen aloittamiseen madaltuisi. Yhteiskoulutuksia l\u00e4hiseurojen kanssa jatketaan. L\u00e4hiseurojen kanssa j\u00e4rjestet\u00e4\u00e4n my\u00f6s yhteisi\u00e4 lajin\u00e4yt\u00f6ksi\u00e4. Mimmitreenej\u00e4 jatketaan yhteisty\u00f6ss\u00e4 l\u00e4hikuntien judoseurojen kanssa.<\/p>\n\n\n\n<p><strong>Yhteisty\u00f6 Euroopassa<\/strong>: Seuramme valmentajat ja toimijat luovat pit\u00e4vi\u00e4 yst\u00e4vyyssuhteita eri maiden judojoukkueiden valmennus- ja seurajohtoihin, taaten hyvi\u00e4 harjoittelumahdollisuuksia eri maiden kovilla leireill\u00e4. Seuramme jatkaa ja kehitt\u00e4\u00e4 yhteisty\u00f6t\u00e4 leiri\/kilpalutoiminnassa virolaisen Tarto Do -seuran kanssa, epidemiatilanteen sallimissa rajoissa.<\/p>\n\n\n\n<p><strong>Budolajien v\u00e4linen yhteisty\u00f6<\/strong>: Jatketaan budolajien v\u00e4lisen yhteisty\u00f6n kehitt\u00e4mist\u00e4. Jatketaan perhebudo-ryhm\u00e4\u00e4 karateseura Seigokanin kanssa, ja pyrit\u00e4\u00e4n l\u00f6yt\u00e4m\u00e4\u00e4n lis\u00e4\u00e4 yhteisty\u00f6haluisia budoseuroja vastaavien ryhmien perustamiseksi l\u00e4hikuntiin.<\/p>\n\n\n\n<p><strong>5.3. Vaikuttaminen ja edunvalvonta<\/strong><\/p>\n\n\n\n<p>Judon seuraverkostossa Tampereen Judoa edustaa Antti Torkko, varalla Kalle Kiviniemi. Jukka Ojanne toimii seuran edustajana Judoliiton valmentajaverkostossa ja valmennusyhteisty\u00f6ss\u00e4. Jouko Rantanen on j\u00e4senen\u00e4 Judoliiton kilpailu- ja s\u00e4\u00e4nt\u00f6valiokunnassa.<\/p>\n\n\n\n<p><strong>5.4 Antidoping<\/strong><\/p>\n\n\n\n<p>Tampereen Judo tekee dopingin vastaista ty\u00f6t\u00e4 ja jakaa siihen liittyv\u00e4\u00e4 valistusta kaikissa kilpailevien harrastajien ryhmiss\u00e4 sek\u00e4 yleisesti judon peruskoulutuksen osana seuratasolla.&nbsp;<\/p>\n\n\n\n<p><strong>6. Toiminnan kehitt\u00e4minen<\/strong><\/p>\n\n\n\n<p>Tampereen Judo kehitt\u00e4\u00e4 toimintansa laatua <em>T\u00e4htiseura<\/em>-laatuohjelman mukaisesti, kohderyhm\u00e4n\u00e4 lapset ja nuoret. T\u00e4htiseura-ohjelma on Olympiakomitean, lajiliittojen ja aluej\u00e4rjest\u00f6jen laatuohjelma, joka kehitt\u00e4\u00e4 ja tukee suomalaisen urheilun keskeist\u00e4 vahvuutta \u2013 seuratoimintaa.<\/p>\n\n\n\n<p><strong>Ohjaajakoulutus<\/strong>: Seura kouluttaa motivoituneita j\u00e4seni\u00e4\u00e4n ohjaajaksi Judoliiton ohjaajakoulutuksissa muksujudoon, nuorten ohjaajaksi, aikuisten kuntojudoon ja soveltavaan judoon. Ohjaajille tarjotaan osallistumismahdollisuuksia valikoidusti H\u00e4meen liikunnan ja urheilun ja Suomen vammaisurheilun j\u00e4rjest\u00e4miin koulutuksiin.<\/p>\n\n\n\n<p><strong>Valmentajakoulutus: <\/strong>Tavoitteena on jatkaa kouluttamista seuran tukemana valmentajakoulutuksen jatkotasoille I, II III ja ammattivalmentaja koulutuksilla, joilla saadaan seuraan useampi monipuolisesti koulutettu judovalmentaja.<\/p>\n\n\n\n<p><strong>Tuomarikoulutus: <\/strong>Kaikkia nykyisi\u00e4 tuomareitamme kannustetaan t\u00e4ydenntyskoulutukseen ja pyrit\u00e4\u00e4n lis\u00e4\u00e4m\u00e4\u00e4n nuorten kiinnostusta tuomaritoimintaa kohtaan. Tavoitteena saada seuraan lis\u00e4\u00e4 lisenssin omaavia tuomareita.<\/p>\n\n\n\n<p><strong>Graduoijakoulutus:<\/strong> Yll\u00e4pidet\u00e4\u00e4n seuramme graduoijien korkeaa tasoa kouluttamalla heit\u00e4 s\u00e4\u00e4nn\u00f6llisesti ja kannustetaan my\u00f6s nuorempia ik\u00e4luokkia mukaan graduointi-toimintaan.<\/p>\n<\/div>\n<\/div><\/div>\n","protected":false},"excerpt":{"rendered":"","protected":false},"author":4,"featured_media":0,"parent":0,"menu_order":0,"comment_status":"closed","ping_status":"closed","template":"","meta":[],"_links":{"self":[{"href":"http:\/\/www.tampereenjudo.net\/vanha\/wp-json\/wp\/v2\/pages\/255"}],"collection":[{"href":"http:\/\/www.tampereenjudo.net\/vanha\/wp-json\/wp\/v2\/pages"}],"about":[{"href":"http:\/\/www.tampereenjudo.net\/vanha\/wp-json\/wp\/v2\/types\/page"}],"author":[{"embeddable":true,"href":"http:\/\/www.tampereenjudo.net\/vanha\/wp-json\/wp\/v2\/users\/4"}],"replies":[{"embeddable":true,"href":"http:\/\/www.tampereenjudo.net\/vanha\/wp-json\/wp\/v2\/comments?post=255"}],"version-history":[{"count":3,"href":"http:\/\/www.tampereenjudo.net\/vanha\/wp-json\/wp\/v2\/pages\/255\/revisions"}],"predecessor-version":[{"id":1115,"href":"http:\/\/www.tampereenjudo.net\/vanha\/wp-json\/wp\/v2\/pages\/255\/revisions\/1115"}],"wp:attachment":[{"href":"http:\/\/www.tampereenjudo.net\/vanha\/wp-json\/wp\/v2\/media?parent=255"}],"curies":[{"name":"wp","href":"https:\/\/api.w.org\/{rel}","templated":true}]}}