{"id":58,"date":"2020-04-22T12:56:37","date_gmt":"2020-04-22T12:56:37","guid":{"rendered":"http:\/\/77.240.19.21\/~tamperee\/?page_id=58"},"modified":"2022-12-04T22:02:29","modified_gmt":"2022-12-04T20:02:29","slug":"harjoitusryhmat","status":"publish","type":"page","link":"http:\/\/www.tampereenjudo.net\/vanha\/harjoitusryhmat\/","title":{"rendered":"Muksujudo (5-8v)"},"content":{"rendered":"\n<p>Liikuntaa, kamppailua, leikki\u00e4 ja temppuilua! Muksujudossa lapset oppivat judon perusteita monipuolisesti leikin ja ik\u00e4tasoon sopivien harjoitteiden kautta. Lue lis\u00e4\u00e4 muksujudosta <a rel=\"noreferrer noopener\" href=\"https:\/\/www.judoliitto.fi\/judo\/muksujudo\/\" target=\"_blank\">Judoliiton sivuilta<\/a>! Muksujen ryhmiin ovat tervetulleita kaikki 5-8 vuotiaat lapset. Ik\u00e4ryhm\u00e4n vanhimpien (7-8 vuotiaiden) kohdalla ryhm\u00e4valinta muksu- ja junnuryhm\u00e4n v\u00e4lill\u00e4 tulee tehd\u00e4 lapsen mukaan. Muksuryhm\u00e4ss\u00e4 judoillaan p\u00e4\u00e4asiassa leikin kautta, junnuryhm\u00e4ss\u00e4 treenataan  tavoitteellisemmin.<\/p>\n\n\n\n<p>Muksujudon peruskurssit alkavat elokuussa ja tammikuun lopussa. Peruskurssi kest\u00e4\u00e4 noin kolme kuukautta, jonka j\u00e4lkeen kurssilaiset osallistuvat ensimm\u00e4iseen natsakokeeseen. Kun ensimm\u00e4inen natsa on suoritettu, peruskurssilaiset siirtyv\u00e4t muksujen ja juniorin jatkoryhmiin. Mik\u00e4li osallistut peruskurssille, muista t\u00e4ytt\u00e4\u00e4 my\u00f6s t\u00e4m\u00e4 <a rel=\"noreferrer noopener\" href=\"https:\/\/docs.google.com\/forms\/d\/e\/1FAIpQLSd_vjSJVZjLiYi3z6MQJWuZ9gvoUiRB_uq1AR2U3xAX1E_NsA\/viewform\" target=\"_blank\">yhteystietolomake<\/a>!!<\/p>\n\n\n\n<iframe loading=\"lazy\" src=\"https:\/\/www.youtube.com\/embed\/jrEC6LL0hSs\" title=\"YouTube video player\" allow=\"accelerometer; autoplay; clipboard-write; encrypted-media; gyroscope; picture-in-picture\" allowfullscreen=\"\" width=\"560\" height=\"315\" frameborder=\"0\"><\/iframe>\n\n\n\n<p>Muksujen peruskurssin ja jatkoryhm\u00e4n harjoitukset kev\u00e4tkaudella 2023 alkavat N\u00e4\u00e4shallilla tammikuun puoliv\u00e4liss\u00e4. Jatkoryhm\u00e4l\u00e4iset palaavat tatamille 11.1. ja peruskurssilaiset aloittavat viikkoa my\u00f6hemmin. Ensimm\u00e4inen peruskurssin kokoontuminen on tutustumiskerta, jolle voit tulla ilmoittautumatta. Varsinainen peruskurssi alkaa viikolla 4\/2023, jolloin lapsi tulee ilmoittaa kurssille.<\/p>\n\n\n\n<p>Kaikkiin Tampereen Judon ryhmiin liityt\u00e4\u00e4n SuomiSportin kautta. Valitse ryhm\u00e4 alla olevasta listasta, ja liity ryhm\u00e4\u00e4n! Jos sinulla ei ole SuomiSport-tunnusta, sinun tulee ensin luoda tunnus. <\/p>\n\n\n\n<p><strong>N\u00e4\u00e4shalli, peruskurssi ja jatkoryhm\u00e4: vastuuohjaaja Soile Kutila, soile.kutila(at)tampereenjudo.net<\/strong><\/p>\n\n\n\n<ul id=\"block-34a4ebfc-684b-4a5d-92e1-5df25476dc88\"><li><a rel=\"noreferrer noopener\" href=\"https:\/\/seurat.suomisport.fi\/invite\/8b859ba7-b78a-403e-af91-6e2a704b2e5f\" target=\"_blank\">Muksujudon peruskurssi keskiviikkoisin klo 17:30-18:30, liity t\u00e4st\u00e4!<\/a><\/li><li><a rel=\"noreferrer noopener\" href=\"https:\/\/seurat.suomisport.fi\/invite\/59609e35-9c37-45a8-a962-aef0281f0ae8\" target=\"_blank\">Muksujudon jatkoryhm\u00e4 keskiviikkoisin klo 17:30-18:30, liity t\u00e4st\u00e4!<\/a><\/li><\/ul>\n\n\n\n<h2 class=\"has-black-color has-text-color has-medium-font-size\">N\u00e4\u00e4shalli (N\u00e4sij\u00e4rvenkatu 8, Tampere)<\/h2>\n\n\n\n<iframe loading=\"lazy\" src=\"https:\/\/www.google.com\/maps\/embed?pb=!1m18!1m12!1m3!1d1903.5808492131002!2d23.747411534520396!3d61.50320132891345!2m3!1f0!2f0!3f0!3m2!1i1024!2i768!4f13.1!3m3!1m2!1s0x468ed8a65e86ce53%3A0x163296c5e81f1b6a!2zVGFtcGVyZSBOw6TDpHNoYWxsaQ!5e0!3m2!1sfi!2sfi!4v1594281602355!5m2!1sfi!2sfi\" style=\"border:0;\" allowfullscreen=\"\" aria-hidden=\"false\" tabindex=\"0\" width=\"600\" height=\"450\" frameborder=\"0\"><\/iframe>\n\n\n\n<h2 class=\"has-black-color has-text-color has-medium-font-size\">Hervannan Vapaa-aikakeskus (Lindforsinkatu 5, Tampere)<\/h2>\n\n\n\n<iframe loading=\"lazy\" src=\"https:\/\/www.google.com\/maps\/embed?pb=!1m18!1m12!1m3!1d1906.8582768587676!2d23.8444003165199!3d61.44963384627357!2m3!1f0!2f0!3f0!3m2!1i1024!2i768!4f13.1!3m3!1m2!1s0x468edfb0414c4a7f%3A0xc9d59ce034151995!2sHervannan%20vapaa-aikakeskus!5e0!3m2!1sfi!2sfi!4v1594282003778!5m2!1sfi!2sfi\" style=\"border:0;\" allowfullscreen=\"\" aria-hidden=\"false\" tabindex=\"0\" width=\"600\" height=\"450\" frameborder=\"0\"><\/iframe>\n","protected":false},"excerpt":{"rendered":"<p>Liikuntaa, kamppailua, leikki\u00e4 ja temppuilua! Muksujudossa lapset oppivat judon perusteita monipuolisesti leikin ja ik\u00e4tasoon sopivien harjoitteiden kautta. Lue lis\u00e4\u00e4 muksujudosta Judoliiton sivuilta! Muksujen ryhmiin ovat tervetulleita kaikki 5-8 vuotiaat lapset. Ik\u00e4ryhm\u00e4n vanhimpien (7-8 vuotiaiden) kohdalla ryhm\u00e4valinta muksu- ja junnuryhm\u00e4n v\u00e4lill\u00e4 tulee tehd\u00e4 lapsen mukaan. Muksuryhm\u00e4ss\u00e4 judoillaan p\u00e4\u00e4asiassa leikin kautta, junnuryhm\u00e4ss\u00e4&#8230;<\/p>\n","protected":false},"author":2,"featured_media":0,"parent":0,"menu_order":0,"comment_status":"closed","ping_status":"closed","template":"","meta":[],"_links":{"self":[{"href":"http:\/\/www.tampereenjudo.net\/vanha\/wp-json\/wp\/v2\/pages\/58"}],"collection":[{"href":"http:\/\/www.tampereenjudo.net\/vanha\/wp-json\/wp\/v2\/pages"}],"about":[{"href":"http:\/\/www.tampereenjudo.net\/vanha\/wp-json\/wp\/v2\/types\/page"}],"author":[{"embeddable":true,"href":"http:\/\/www.tampereenjudo.net\/vanha\/wp-json\/wp\/v2\/users\/2"}],"replies":[{"embeddable":true,"href":"http:\/\/www.tampereenjudo.net\/vanha\/wp-json\/wp\/v2\/comments?post=58"}],"version-history":[{"count":35,"href":"http:\/\/www.tampereenjudo.net\/vanha\/wp-json\/wp\/v2\/pages\/58\/revisions"}],"predecessor-version":[{"id":1453,"href":"http:\/\/www.tampereenjudo.net\/vanha\/wp-json\/wp\/v2\/pages\/58\/revisions\/1453"}],"wp:attachment":[{"href":"http:\/\/www.tampereenjudo.net\/vanha\/wp-json\/wp\/v2\/media?parent=58"}],"curies":[{"name":"wp","href":"https:\/\/api.w.org\/{rel}","templated":true}]}}