{"id":98,"date":"2020-05-05T14:51:30","date_gmt":"2020-05-05T14:51:30","guid":{"rendered":"http:\/\/77.240.19.21\/~tamperee\/?page_id=98"},"modified":"2021-09-16T13:33:28","modified_gmt":"2021-09-16T10:33:28","slug":"jasenmaksutiedot","status":"publish","type":"page","link":"http:\/\/www.tampereenjudo.net\/vanha\/tampereen-judo\/jasenmaksutiedot\/","title":{"rendered":"J\u00e4sen- ja harjoittelumaksut"},"content":{"rendered":"\n<p>Kaikki Tampereen Judo ry:n j\u00e4sen- ja harjoittelumaksut maksetaan <a rel=\"noreferrer noopener\" href=\"https:\/\/info.suomisport.fi\/\" target=\"_blank\">SuomiSport.fi<\/a> -palvelun kautta. My\u00f6s muut maksutavat ovat mahdollisia (esim. ePassi ja nuorisopassi), mutta silloin j\u00e4senyys ei p\u00e4ivity automaattisesti. Ota siis meihin ensin yhteytt\u00e4, jos haluat k\u00e4ytt\u00e4\u00e4 muuta maksutapaa, kuin SuomiSportin tarjoamia. Yhteystiedot l\u00f6ytyv\u00e4t yhteystieto-v\u00e4lilehdelt\u00e4.<\/p>\n\n\n\n<p>Seuran j\u00e4senmaksu on kaikilta j\u00e4senilt\u00e4 20\u20ac. J\u00e4senmaksukausi on 1.9.-31.8, eli syksyll\u00e4 maksettu j\u00e4senmaksu on voimassa seuraavan elokuun loppuun. Syksyst\u00e4 2021 alkaen j\u00e4senmaksu sis\u00e4llytet\u00e4\u00e4n harjoittelumaksuun. Mik\u00e4li siis maksat harjoittelumaksun SuomiSportin kautta, olet samalla hoitanut j\u00e4senmaksusi kuntoon!<\/p>\n\n\n\n<p>Harjoittelumaksu maksetaan kaksi kertaa vuodessa, <strong>tammikuussa ja syyskuussa<\/strong> <a rel=\"noreferrer noopener\" href=\"https:\/\/info.suomisport.fi\/\" target=\"_blank\">SuomiSport.fi<\/a> -palvelun kautta. Harjoittelumaksut ovat ryhm\u00e4kohtaisia, ja tulevat maksettavaksi ryhmien kautta. Liity siis harjoitusryhm\u00e4\u00e4si SuomiSportissa!! Liittymislinkit l\u00f6yd\u00e4t harjoitusryhmien omilta sivuilta. Vuoden harjoittelumaksut ovat:<\/p>\n\n\n\n<figure class=\"wp-block-table\"><table><tbody><tr><td>Ryhm\u00e4<\/td><td>Kev\u00e4t<br>31.1. menness\u00e4<\/td><td>Syksy<br>30.9. menness\u00e4<\/td><\/tr><tr><td>Aikuiset (yli 15v)<\/td><td>115\u20ac<\/td><td>115\u20ac<\/td><\/tr><tr><td>Juniorit (9-15v)<\/td><td>115\u20ac<\/td><td>115\u20ac<\/td><\/tr><tr><td>Muksut (8v ja nuoremmat)<\/td><td>95\u20ac<\/td><td>95\u20ac<\/td><\/tr><tr><td>Sovellettu (kaikki ik\u00e4ryhm\u00e4t)<\/td><td>95\u20ac<\/td><td>95\u20ac<\/td><\/tr><\/tbody><\/table><\/figure>\n\n\n\n<p>Judovakuutus sis\u00e4ltyy peruskurssihintoihimme. Kaikki muut judokat huolehtivat itse vakuutusturvansa riitt\u00e4vyydest\u00e4! Suosittelemme Judoliiton neuvotteleman, kattavan judovakuutuksen ottamista <a rel=\"noreferrer noopener\" href=\"https:\/\/info.suomisport.fi\/\" target=\"_blank\">SuomiSport.fi<\/a> -palvelun kautta. <strong>Judovakuutus on voimassa ostohetkest\u00e4 eteenp\u00e4in seuraavan elokuun loppuun.<\/strong> Judovakuutus on pakollinen seuraavissa tilanteissa:<\/p>\n\n\n\n<ul><li>osallistut Judoliiton alaisiin kilpailuihin<\/li><li>osallistut Judoliiton alaisiin leireihin tai tapahtumiin<\/li><li>korotat vy\u00f6arvoasi.<\/li><\/ul>\n\n\n\n<p>Ajantasaiset ohjeet ja hintatiedot judoliiton vakuutusvaihtoehdoista l\u00f6yd\u00e4t t\u00e4\u00e4lt\u00e4: <a href=\"https:\/\/judo.fi\/judoliitto\/suomisport\/\" target=\"_blank\" rel=\"noreferrer noopener\">https:\/\/judo.fi\/judoliitto\/suomisport\/<\/a><\/p>\n\n\n\n<p>Seuran tilille Nordea FI39 2094 3800 0284 55 maksettavia maksuja ovat vain seuraavat:<\/p>\n\n\n\n<ul><li>vierailijoiden harjoittelumaksu 115\u20ac\/kausi (ei oikeuta j\u00e4senetuihin)<\/li><li>kannatusj\u00e4senmaksu 50\u20ac\/vuosi maksetaan seuran tilille (ei sis\u00e4ll\u00e4 j\u00e4senetuja eik\u00e4 harjoitteluoikeutta)<\/li><li>seuran j\u00e4senmaksu 20\u20ac\/vuosi niille, jotka eiv\u00e4t maksa harjoittelumaksua<\/li><\/ul>\n","protected":false},"excerpt":{"rendered":"<p>Kaikki Tampereen Judo ry:n j\u00e4sen- ja harjoittelumaksut maksetaan SuomiSport.fi -palvelun kautta. My\u00f6s muut maksutavat ovat mahdollisia (esim. ePassi ja nuorisopassi), mutta silloin j\u00e4senyys ei p\u00e4ivity automaattisesti. Ota siis meihin ensin yhteytt\u00e4, jos haluat k\u00e4ytt\u00e4\u00e4 muuta maksutapaa, kuin SuomiSportin tarjoamia. Yhteystiedot l\u00f6ytyv\u00e4t yhteystieto-v\u00e4lilehdelt\u00e4. Seuran j\u00e4senmaksu on kaikilta j\u00e4senilt\u00e4 20\u20ac. J\u00e4senmaksukausi on&#8230;<\/p>\n","protected":false},"author":2,"featured_media":0,"parent":64,"menu_order":0,"comment_status":"closed","ping_status":"closed","template":"","meta":[],"_links":{"self":[{"href":"http:\/\/www.tampereenjudo.net\/vanha\/wp-json\/wp\/v2\/pages\/98"}],"collection":[{"href":"http:\/\/www.tampereenjudo.net\/vanha\/wp-json\/wp\/v2\/pages"}],"about":[{"href":"http:\/\/www.tampereenjudo.net\/vanha\/wp-json\/wp\/v2\/types\/page"}],"author":[{"embeddable":true,"href":"http:\/\/www.tampereenjudo.net\/vanha\/wp-json\/wp\/v2\/users\/2"}],"replies":[{"embeddable":true,"href":"http:\/\/www.tampereenjudo.net\/vanha\/wp-json\/wp\/v2\/comments?post=98"}],"version-history":[{"count":14,"href":"http:\/\/www.tampereenjudo.net\/vanha\/wp-json\/wp\/v2\/pages\/98\/revisions"}],"predecessor-version":[{"id":857,"href":"http:\/\/www.tampereenjudo.net\/vanha\/wp-json\/wp\/v2\/pages\/98\/revisions\/857"}],"up":[{"embeddable":true,"href":"http:\/\/www.tampereenjudo.net\/vanha\/wp-json\/wp\/v2\/pages\/64"}],"wp:attachment":[{"href":"http:\/\/www.tampereenjudo.net\/vanha\/wp-json\/wp\/v2\/media?parent=98"}],"curies":[{"name":"wp","href":"https:\/\/api.w.org\/{rel}","templated":true}]}}